{"id":734,"date":"2013-04-01T15:37:54","date_gmt":"2013-04-01T15:37:54","guid":{"rendered":"http:\/\/www.kriesi.at\/themes\/enfold\/?page_id=734"},"modified":"2019-01-07T13:37:02","modified_gmt":"2019-01-07T13:37:02","slug":"homepage","status":"publish","type":"page","link":"https:\/\/knudorsted.dk\/","title":{"rendered":"Homepage"},"content":{"rendered":"<div id='layer_slider_1'  class='avia-layerslider main_color avia-shadow  avia-builder-el-0  el_before_av_one_third  avia-builder-el-first  container_wrap sidebar_right'  style='height: 471px;'  ><\/div><div id='after_layer_slider_1'  class='main_color av_default_container_wrap container_wrap sidebar_right'  ><div class='container av-section-cont-open' ><div class='template-page content  av-content-small alpha units'><div class='post-entry post-entry-type-page post-entry-734'><div class='entry-content-wrapper clearfix'>\n<div  class='flex_column av-av_one_third-2a9015ff38129c418a3f2eafba3e9512 av_one_third  avia-builder-el-1  el_after_av_layerslider  el_before_av_one_third  avia-builder-el-first  first flex_column_div  '     ><article  class='iconbox iconbox_left av-av_icon_box-73b44798072f45a79cdf97cc144a46fa  avia-builder-el-2  avia-builder-el-no-sibling '  itemscope=\"itemscope\" itemtype=\"https:\/\/schema.org\/CreativeWork\" ><div class=\"iconbox_content\"><header class=\"entry-content-header\"><div class=\"iconbox_icon heading-color\" aria-hidden='true' data-av_icon='\ue835' data-av_iconfont='entypo-fontello'><\/div><h3 class='iconbox_content_title '  itemprop=\"headline\" >Foredrag<\/h3><\/header><div class='iconbox_content_container '  itemprop=\"text\" ><p>Da Beatles var i K\u00f8benhavn for 50 \u00e5r siden Et foredrag med billeder, musik og historier fra et hektisk d\u00f8gn med verdens st\u00f8rste popgruppe i K\u00f8benhavn<\/p>\n<\/div><\/div><footer class=\"entry-footer\"><\/footer><\/article><\/div>\n<div  class='flex_column av-av_one_third-52c89597409f646e66e7cc675a5d9b4a av_one_third  avia-builder-el-3  el_after_av_one_third  el_before_av_one_third  flex_column_div  '     ><article  class='iconbox iconbox_left av-av_icon_box-9b4d6c0113a6c4bf5ffe93ef12620eaf  avia-builder-el-4  avia-builder-el-no-sibling '  itemscope=\"itemscope\" itemtype=\"https:\/\/schema.org\/CreativeWork\" ><div class=\"iconbox_content\"><header class=\"entry-content-header\"><div class=\"iconbox_icon heading-color\" aria-hidden='true' data-av_icon='\ue8b8' data-av_iconfont='entypo-fontello'><\/div><h3 class='iconbox_content_title '  itemprop=\"headline\" >Knud \u00d8rsted<\/h3><\/header><div class='iconbox_content_container '  itemprop=\"text\" ><p>Kun f\u00e5 stjerner i 60\u2019erne og 70\u2019erne er kommet forbi Danmark \u2013 uden at have m\u00f8dt Knud \u00d8rsted, der ogs\u00e5 en overgang havde ugentlige udsendelser p\u00e5 P3.<\/p>\n<\/div><\/div><footer class=\"entry-footer\"><\/footer><\/article><\/div>\n<div  class='flex_column av-av_one_third-52c89597409f646e66e7cc675a5d9b4a av_one_third  avia-builder-el-5  el_after_av_one_third  el_before_av_hr  flex_column_div  '     ><article  class='iconbox iconbox_left av-av_icon_box-db1b5f3a3346a7c894b867840a13071e  avia-builder-el-6  avia-builder-el-no-sibling '  itemscope=\"itemscope\" itemtype=\"https:\/\/schema.org\/CreativeWork\" ><div class=\"iconbox_content\"><header class=\"entry-content-header\"><div class=\"iconbox_icon heading-color\" aria-hidden='true' data-av_icon='\ue80f' data-av_iconfont='entypo-fontello'><\/div><h3 class='iconbox_content_title '  itemprop=\"headline\" >K\u00f8b billeder<\/h3><\/header><div class='iconbox_content_container '  itemprop=\"text\" ><p>Billeder af Beatles&#8217; bes\u00f8g i K\u00f8benhavn 4.6.64 kan nu k\u00f8bes &#8211; ogs\u00e5 billeder af Beatles i London 26.4.64 kan bestilles. Skriv en mail til knud@orsted.nu og h\u00f8r n\u00e6rmere.<\/p>\n<\/div><\/div><footer class=\"entry-footer\"><\/footer><\/article><\/div><div  class='hr av-av_hr-c69e1af1bad63c3964cc522caf796498 hr-short  avia-builder-el-7  el_after_av_one_third  el_before_av_textblock  hr-center'><span class='hr-inner '><span class=\"hr-inner-style\"><\/span><\/span><\/div><\/p>\n<section  class='av_textblock_section av-av_textblock-2989cb1a500f76248ec894598f4e8e5e '   itemscope=\"itemscope\" itemtype=\"https:\/\/schema.org\/CreativeWork\" ><div class='avia_textblock'  itemprop=\"text\" ><h2 style=\"text-align: center;\">Ring\u00a040 10 61 74 eller skriv til knud@orsted.nu for booking<\/h2>\n<\/div><\/section>\n<\/div><\/div><\/div><!-- close content main div --><\/div><\/div><div id='av_section_1'  class='avia-section av-av_section-1cdc49a81361c2d5c607061de2705316 alternate_color avia-section-large avia-shadow  avia-builder-el-9  el_after_av_textblock  el_before_av_hr  avia-bg-style-scroll container_wrap sidebar_right'  ><div class='container av-section-cont-open' ><div class='template-page content  av-content-small alpha units'><div class='post-entry post-entry-type-page post-entry-734'><div class='entry-content-wrapper clearfix'>\n<section  class='av_textblock_section av-av_textblock-2989cb1a500f76248ec894598f4e8e5e '   itemscope=\"itemscope\" itemtype=\"https:\/\/schema.org\/CreativeWork\" ><div class='avia_textblock'  itemprop=\"text\" ><h2 style=\"text-align: center;\">Det siger andre om foredraget<\/h2>\n<\/div><\/section>\n<div  class='hr av-av_hr-4a566f4a73ae78223e1997276585dc3a hr-short  avia-builder-el-11  el_after_av_textblock  el_before_av_testimonials  hr-center'><span class='hr-inner '><span class=\"hr-inner-style\"><\/span><\/span><\/div>\n<div  class='avia-testimonial-wrapper av-av_testimonials-c2dd5a314159863f1a000ada814a49f0 avia-grid-testimonials avia-grid-1-testimonials avia_animate_when_almost_visible' >\n<section class=\"avia-testimonial-row\"><div class='avia-testimonial av-av_testimonial_single-6d70157089c6452024bcbd386a8780b1 avia-testimonial-row-1 avia-first-testimonial flex_column no_margin av_one_full'><div class='avia-testimonial_inner'  itemscope=\"itemscope\" itemtype=\"https:\/\/schema.org\/CreativeWork\" ><div class='avia-testimonial-image'  itemprop=\"image\" ><img loading=\"lazy\" decoding=\"async\" width=\"180\" height=\"180\" src=\"https:\/\/knudorsted.dk\/wp-content\/uploads\/2013\/04\/Sk\u00e6rmbillede-2014-08-25-10.09.32-180x180.png\" class=\"attachment-square size-square\" alt=\"\" \/><\/div><div class='avia-testimonial-content '><div class='avia-testimonial-markup-entry-content'  itemprop=\"text\" ><p>Fra forberedelserne til koncerten, modtagelsen i lufthavnen med tusinder af fans, pressem\u00f8det p\u00e5 Hotel SAS Royal, selve koncerten med opvarmningen af blandt andre The Hitmakers, og s\u00e5 ikke mindst n\u00e6ste morgen p\u00e5 hotellet, hvor Knud \u00d8rsted ogs\u00e5 havde sine fotografiapparater klar til at forevige popgruppen. Dern\u00e6st tilbage i lufthavnen for at vinke farvel sammen med masser af fans. Hele historien om det fornemme bes\u00f8g fra billetk\u00f8erne foran og i KB.Hallen godt dokumenteret med \u00d8rsted egne fotos, hvoraf de fleste aldrig tidligere har v\u00e6ret vist. Her 50 \u00e5r efter bes\u00f8get er gamle negativer dukket op \u2013 og vi fik 72 billeder fra begivenhederne at se samtidig med den \u00e6gte Beatles-musik str\u00f8mmede ud i h\u00f8jttalerne i Kl\u00e6rkesalen. Helt specielt var, at forsangeren i Hitmakers, J\u00f8rgen Krabbenh\u00f8ft som sandhedsvidne kunne bekr\u00e6fte Knud \u00d8rsted foredrag var ganske sandt. Det blev en meget sp\u00e6ndende eftermiddag med mange afsl\u00f8ringer af, hvad der skete den gang Beatles kiggede forbi i Danmark.<\/p>\n<\/div><\/div><div class=\"avia-testimonial-meta\"><div class=\"avia-testimonial-arrow-wrap\"><div class=\"avia-arrow\"><\/div><\/div><div class='avia-testimonial-meta-mini'  itemprop=\"author\" itemscope=\"itemscope\" itemtype=\"https:\/\/schema.org\/Person\" ><strong  class='avia-testimonial-name'  itemprop=\"name\" >Bent Erik Hansen<\/strong><span  class='avia-testimonial-subtitle '  itemprop=\"jobTitle\" >DRs Seniorklub<\/span><\/div><\/div><\/div><\/div><\/section>\n<section class=\"avia-testimonial-row\"><div class='avia-testimonial av-av_testimonial_single-fa151809738a7b0200afd98fde9a28ea avia-testimonial-row-2 avia-first-testimonial flex_column no_margin av_one_full'><div class='avia-testimonial_inner'  itemscope=\"itemscope\" itemtype=\"https:\/\/schema.org\/CreativeWork\" ><div class='avia-testimonial-image'  itemprop=\"image\" ><img loading=\"lazy\" decoding=\"async\" width=\"180\" height=\"180\" src=\"https:\/\/knudorsted.dk\/wp-content\/uploads\/2013\/04\/Sk\u00e6rmbillede-2014-08-25-10.12.24-180x180.png\" class=\"attachment-square size-square\" alt=\"\" \/><\/div><div class='avia-testimonial-content '><div class='avia-testimonial-markup-entry-content'  itemprop=\"text\" ><p>Kom t\u00e6t p\u00e5 The Beatles med Knud \u00d8rsted I forbindelse med &#8216;Grenaa Beatles Festival&#8217; i dagene 4.-6.juni 2014, havde jeg booket Knud \u00d8rsted som foredragsholder. Man kommer ligesom helt t\u00e6t p\u00e5 The Beatles, n\u00e5r Knud \u00d8rsted medrivende fort\u00e6ller og viser sine flotte billeder fra et d\u00f8gn med The Beatles i K\u00f8benhavn den 4. juni 2014. \u00d8rsted var med til begge Beatles-koncerter og oplevede dermed &#8216;the fab four&#8217; b\u00e5de foran og bag scenen, samt ved afrejsen fra Kastrup. Det er unikke stemningsbilleder Knud \u00d8rsted pr\u00e6senterer, og dette kombineret med hans personlige sp\u00e6ndende oplevelser at denne legendariske koncertdag, hvor ogs\u00e5 store danske pigtr\u00e5dsnavne som f.eks. The Hitmakers optr\u00e5dte, g\u00f8r \u00d8rsteds foredrag til noget ganske s\u00e6rligt, og som jeg derfor med stor gl\u00e6de anbefaler til alle Beatlesfans. Mvh Poul Nowack, leder af Memory Lane Rockmuseum p\u00e5 Fugls\u00f8centret, arr. af Beatlesfestival mv. Gren\u00e5. juni 2014<\/p>\n<\/div><\/div><div class=\"avia-testimonial-meta\"><div class=\"avia-testimonial-arrow-wrap\"><div class=\"avia-arrow\"><\/div><\/div><div class='avia-testimonial-meta-mini'  itemprop=\"author\" itemscope=\"itemscope\" itemtype=\"https:\/\/schema.org\/Person\" ><strong  class='avia-testimonial-name'  itemprop=\"name\" >Grenaa Beatles Festival<\/strong><span  class='avia-testimonial-subtitle '  itemprop=\"jobTitle\" >Poul Nowack, leder af Memory Lane Rockmuseum<\/span><\/div><\/div><\/div><\/div><\/section>\n<\/div>\n<\/div><\/div><\/div><!-- close content main div --><\/div><\/div><div id='after_section_1'  class='main_color av_default_container_wrap container_wrap sidebar_right'  ><div class='container av-section-cont-open' ><div class='template-page content  av-content-small alpha units'><div class='post-entry post-entry-type-page post-entry-734'><div class='entry-content-wrapper clearfix'>\n<div  class='hr av-av_hr-d3021aff4e2c88ff75459fd6b3a45a12 hr-default  avia-builder-el-13  el_after_av_section  avia-builder-el-no-sibling '><span class='hr-inner '><span class=\"hr-inner-style\"><\/span><\/span><\/div>\n","protected":false},"excerpt":{"rendered":"<p>This is a Page excerpt. It will be displayed for search results<\/p>\n","protected":false},"author":1,"featured_media":0,"parent":0,"menu_order":0,"comment_status":"open","ping_status":"open","template":"","meta":{"footnotes":""},"class_list":["post-734","page","type-page","status-publish","hentry"],"_links":{"self":[{"href":"https:\/\/knudorsted.dk\/index.php?rest_route=\/wp\/v2\/pages\/734","targetHints":{"allow":["GET"]}}],"collection":[{"href":"https:\/\/knudorsted.dk\/index.php?rest_route=\/wp\/v2\/pages"}],"about":[{"href":"https:\/\/knudorsted.dk\/index.php?rest_route=\/wp\/v2\/types\/page"}],"author":[{"embeddable":true,"href":"https:\/\/knudorsted.dk\/index.php?rest_route=\/wp\/v2\/users\/1"}],"replies":[{"embeddable":true,"href":"https:\/\/knudorsted.dk\/index.php?rest_route=%2Fwp%2Fv2%2Fcomments&post=734"}],"version-history":[{"count":0,"href":"https:\/\/knudorsted.dk\/index.php?rest_route=\/wp\/v2\/pages\/734\/revisions"}],"wp:attachment":[{"href":"https:\/\/knudorsted.dk\/index.php?rest_route=%2Fwp%2Fv2%2Fmedia&parent=734"}],"curies":[{"name":"wp","href":"https:\/\/api.w.org\/{rel}","templated":true}]}}